{"id":22219,"date":"2016-11-11T11:22:58","date_gmt":"2016-11-11T11:22:58","guid":{"rendered":"http:\/\/camaxa.org\/proyecto\/?page_id=22219"},"modified":"2017-06-06T11:36:19","modified_gmt":"2017-06-06T11:36:19","slug":"formules-de-site-salon-maroc-casablanca","status":"publish","type":"page","link":"https:\/\/www.chambrecommerce.org\/es\/formules-de-site-salon-maroc-casablanca\/","title":{"rendered":"F\u00d3RMULAS DE SITIOS WEB"},"content":{"rendered":"<div class=\"wpb-content-wrapper\"><p>[vc_row row_type=&#8221;row&#8221; type=&#8221;full_width&#8221; in_content_menu=&#8221;&#8221; text_align=&#8221;left&#8221; css_animation=&#8221;&#8221;][vc_column][vc_column_text]<\/p>\n<p style=\"text-align: center;\"><span style=\"text-align: center;\"><strong>OPTIONES PROPUESTAS<\/strong><\/span><\/p>\n<table class=\"inner-table\" width=\"\">\n<tbody>\n<tr>\n<th width=\"40%\">Caracter\u00edstica<strong>s<\/strong><\/th>\n<th width=\"15%\"><strong>TPE<\/strong><\/p>\n<p>Tr\u00e8s Petite Entreprise<\/th>\n<th width=\"15%\"><strong>PE<\/strong><\/p>\n<p>Petite Entreprise<\/th>\n<th width=\"15%\"><strong>PME<\/strong><\/p>\n<p>Petite Moyenne Entreprise<\/th>\n<th width=\"15%\"><strong>GE<\/strong><\/p>\n<p>Grande Entreprise<\/th>\n<\/tr>\n<tr>\n<td width=\"40%\"><strong>Nom de domaine inclus*\u00a0<\/strong><\/td>\n<td width=\"15%\"><strong>1 an<\/strong><\/td>\n<td width=\"15%\"><strong>1 an<\/strong><\/td>\n<td width=\"15%\"><strong>1 an<\/strong><\/td>\n<td width=\"15%\"><strong>1 an<\/strong><\/td>\n<\/tr>\n<tr>\n<td width=\"40%\"><strong>Sous domaines<\/strong><\/td>\n<td width=\"15%\"><strong>5<\/strong><\/td>\n<td width=\"15%\"><strong>10<\/strong><\/td>\n<td width=\"15%\"><strong>20<\/strong><\/td>\n<td width=\"15%\"><strong>Au choix<\/strong><\/td>\n<\/tr>\n<tr>\n<td width=\"40%\"><strong>Nombres de pages<\/strong><\/td>\n<td width=\"15%\"><strong>10<\/strong><\/td>\n<td width=\"15%\"><strong>20<\/strong><\/td>\n<td width=\"15%\"><strong>50<\/strong><\/td>\n<td width=\"15%\"><strong>Au choix<\/strong><\/td>\n<\/tr>\n<tr>\n<td width=\"40%\"><strong>Nombre de produits<\/strong><\/td>\n<td width=\"15%\"><strong>Jusqu\u2019\u00e0 25<\/strong><\/td>\n<td width=\"15%\"><strong>Jusqu\u2019\u00e0 50<\/strong><\/td>\n<td width=\"15%\"><strong>Jusqu\u2019\u00e0 100<\/strong><\/td>\n<td width=\"15%\"><strong>Au choix<\/strong><\/td>\n<\/tr>\n<tr>\n<td width=\"40%\"><strong>E-commerce<\/strong><\/td>\n<td width=\"15%\"><strong>&#8211;<\/strong><\/td>\n<td width=\"15%\"><strong>Oui<\/strong><\/td>\n<td width=\"15%\"><strong>Oui<\/strong><\/td>\n<td width=\"15%\"><strong>Oui<\/strong><\/td>\n<\/tr>\n<tr>\n<td width=\"40%\"><strong>WebMail<\/strong><\/td>\n<td width=\"15%\"><strong>Oui<\/strong><\/td>\n<td width=\"15%\"><strong>Oui<\/strong><\/td>\n<td width=\"15%\"><strong>Oui<\/strong><\/td>\n<td width=\"15%\"><strong>Oui<\/strong><\/td>\n<\/tr>\n<tr>\n<td width=\"40%\"><strong>H\u00e9bergement \/ Espace compte email*<\/strong><\/td>\n<td width=\"15%\"><strong>2Go<\/strong><\/td>\n<td width=\"15%\"><strong>3Go<\/strong><\/td>\n<td width=\"15%\"><strong>5Go<\/strong><\/td>\n<td width=\"15%\"><strong>Au choix<\/strong><\/td>\n<\/tr>\n<tr>\n<td width=\"40%\"><strong>Trafic mensuel<\/strong><\/td>\n<td width=\"15%\"><strong>10Go<\/strong><\/td>\n<td width=\"15%\"><strong>20Go<\/strong><\/td>\n<td width=\"15%\"><strong>50Go<\/strong><\/td>\n<td width=\"15%\"><strong>Au choix<\/strong><\/td>\n<\/tr>\n<tr>\n<td width=\"40%\"><strong>Adresses emails<\/strong><\/td>\n<td width=\"15%\"><strong>5+1<\/strong><\/td>\n<td width=\"15%\"><strong>10+1<\/strong><\/td>\n<td width=\"15%\"><strong>20+1<\/strong><\/td>\n<td width=\"15%\"><strong>Au choix<\/strong><\/td>\n<\/tr>\n<tr>\n<td width=\"40%\"><strong>Mode de paiement (Carte bancaire,<\/strong><\/p>\n<p><strong>Visa, Master card, Paypal\u2026)<\/strong><\/td>\n<td width=\"15%\"><strong>&#8211;<\/strong><\/td>\n<td width=\"15%\"><strong>Oui<\/strong><\/td>\n<td width=\"15%\"><strong>Oui<\/strong><\/td>\n<td width=\"15%\"><strong>Oui<\/strong><\/td>\n<\/tr>\n<tr>\n<td width=\"40%\"><strong>Int\u00e9gration avec les logiciels (CRM)<\/strong><\/td>\n<td width=\"15%\"><strong>Optionnel<\/strong><\/td>\n<td width=\"15%\"><strong>Optionnel<\/strong><\/td>\n<td width=\"15%\"><strong>Optionnel<\/strong><\/td>\n<td width=\"15%\"><strong>Oui<\/strong><\/td>\n<\/tr>\n<tr>\n<td width=\"40%\"><strong>500 mod\u00e8les (v\u00e9rifi\u00e9s)<\/strong><\/td>\n<td width=\"15%\"><strong>Oui<\/strong><\/td>\n<td width=\"15%\"><strong>Oui<\/strong><\/td>\n<td width=\"15%\"><strong>Oui<\/strong><\/td>\n<td width=\"15%\"><strong>Oui<\/strong><\/td>\n<\/tr>\n<tr>\n<td width=\"40%\"><strong>Galerie photos<\/strong><\/td>\n<td width=\"15%\"><strong>Oui<\/strong><\/td>\n<td width=\"15%\"><strong>Oui<\/strong><\/td>\n<td width=\"15%\"><strong>Oui<\/strong><\/td>\n<td width=\"15%\"><strong>Oui<\/strong><\/td>\n<\/tr>\n<tr>\n<td width=\"40%\"><strong>Optimisation pour smartphone et<\/strong><\/p>\n<p><strong>tablettes (version responsive)<\/strong><\/td>\n<td width=\"15%\"><strong>Oui<\/strong><\/td>\n<td width=\"15%\"><strong>Oui<\/strong><\/td>\n<td width=\"15%\"><strong>Oui<\/strong><\/td>\n<td width=\"15%\"><strong>Oui<\/strong><\/td>\n<\/tr>\n<tr>\n<td width=\"40%\"><strong>HTML personnalisable<\/strong><\/td>\n<td width=\"15%\"><strong>Optionnel<\/strong><\/td>\n<td width=\"15%\"><strong>Optionnel<\/strong><\/td>\n<td width=\"15%\"><strong>Optionnel<\/strong><\/td>\n<td width=\"15%\"><strong>Oui<\/strong><\/td>\n<\/tr>\n<tr>\n<td width=\"40%\"><strong>Formulaire de contact<\/strong><\/td>\n<td width=\"15%\"><strong>Oui<\/strong><\/td>\n<td width=\"15%\"><strong>Oui<\/strong><\/td>\n<td width=\"15%\"><strong>Oui<\/strong><\/td>\n<td width=\"15%\"><strong>Oui<\/strong><\/td>\n<\/tr>\n<tr>\n<td width=\"40%\"><strong>Optimis\u00e9 pour le r\u00e9f\u00e9rencement SEO*<\/strong><\/td>\n<td width=\"15%\"><strong>3 mots<\/strong><\/td>\n<td width=\"15%\"><strong>3 mots<\/strong><\/td>\n<td width=\"15%\"><strong>5 mots<\/strong><\/td>\n<td width=\"15%\"><strong>Au choix<\/strong><\/td>\n<\/tr>\n<tr>\n<td width=\"40%\"><strong>Nombre de langues<\/strong><\/td>\n<td width=\"15%\"><strong>1<\/strong><\/td>\n<td width=\"15%\"><strong>2<\/strong><\/td>\n<td width=\"15%\"><strong>3<\/strong><\/td>\n<td width=\"15%\"><strong>Au choix<\/strong><\/td>\n<\/tr>\n<tr>\n<td width=\"40%\"><strong>Lecteur vid\u00e9o<\/strong><\/td>\n<td width=\"15%\"><strong>&#8211;<\/strong><\/td>\n<td width=\"15%\"><strong>1<\/strong><\/td>\n<td width=\"15%\"><strong>2<\/strong><\/td>\n<td width=\"15%\"><strong>Au choix<\/strong><\/td>\n<\/tr>\n<tr>\n<td width=\"40%\"><strong>Lecteur MP3<\/strong><\/td>\n<td width=\"15%\"><strong>&#8211;<\/strong><\/td>\n<td width=\"15%\"><strong>1<\/strong><\/td>\n<td width=\"15%\"><strong>2<\/strong><\/td>\n<td width=\"15%\"><strong>Au choix<\/strong><\/td>\n<\/tr>\n<tr>\n<td width=\"40%\"><strong>Insertion de cartes Google Maps<\/strong><\/td>\n<td width=\"15%\"><strong>Oui<\/strong><\/td>\n<td width=\"15%\"><strong>Oui<\/strong><\/td>\n<td width=\"15%\"><strong>Oui<\/strong><\/td>\n<td width=\"15%\"><strong>Oui<\/strong><\/td>\n<\/tr>\n<tr>\n<td width=\"40%\"><strong>Support technique<\/strong><\/td>\n<td width=\"15%\"><strong>Oui<\/strong><\/td>\n<td width=\"15%\"><strong>Oui<\/strong><\/td>\n<td width=\"15%\"><strong>Oui<\/strong><\/td>\n<td width=\"15%\"><strong>Oui<\/strong><\/td>\n<\/tr>\n<tr>\n<td width=\"40%\"><strong>Recherche filtrable par diff\u00e9rents<\/strong><\/p>\n<p><strong>produits<\/strong><\/td>\n<td width=\"15%\"><strong>Optionnel<\/strong><\/td>\n<td width=\"15%\"><strong>Optionnel<\/strong><\/td>\n<td width=\"15%\"><strong>Oui<\/strong><\/td>\n<td width=\"15%\"><strong>Oui<\/strong><\/td>\n<\/tr>\n<tr>\n<td width=\"40%\"><strong>Certificat\u00a0 SSL<\/strong><\/td>\n<td width=\"15%\"><strong>Optionnel<\/strong><\/td>\n<td width=\"15%\"><strong>Optionnel<\/strong><\/td>\n<td width=\"15%\"><strong>Optionnel<\/strong><\/p>\n<p><strong>Installation incluse<\/strong><\/td>\n<td width=\"15%\"><strong>Oui<\/strong><\/p>\n<p><strong>\u00a0<\/strong><\/td>\n<\/tr>\n<tr>\n<td width=\"40%\"><strong>Boutons de partage Facebook, \u00a0\u00a0\u00a0<\/strong><\/p>\n<p><strong>Twitter, Google<\/strong><\/td>\n<td width=\"15%\"><strong>Oui<\/strong><\/td>\n<td width=\"15%\"><strong>Oui<\/strong><\/td>\n<td width=\"15%\"><strong>Oui<\/strong><\/td>\n<td width=\"15%\"><strong>Oui<\/strong><\/td>\n<\/tr>\n<tr>\n<td width=\"40%\"><strong>R\u00e9duction et codes promotionnels<\/strong><\/p>\n<p><strong>par produit, clients ou moyens de<\/strong><\/p>\n<p><strong>paiement<\/strong><\/td>\n<td width=\"15%\"><strong>&#8211;<\/strong><\/td>\n<td width=\"15%\"><strong>Oui<\/strong><\/td>\n<td width=\"15%\"><strong>Oui<\/strong><\/p>\n<p><strong>\u00a0<\/strong><\/td>\n<td width=\"15%\"><strong>Oui<\/strong><\/td>\n<\/tr>\n<tr>\n<td width=\"40%\"><strong>Cr\u00e9ation et envoi de newsletters \u00a0\u00a0\u00a0\u00a0<\/strong><\/p>\n<p><strong>personnalis\u00e9es \u00e0 vos clients<\/strong><\/td>\n<td width=\"15%\"><strong>Optionnel<\/strong><\/td>\n<td width=\"15%\"><strong>Optionnel<\/strong><\/td>\n<td width=\"15%\"><strong>Optionnel<\/strong><\/p>\n<p><strong>Installation incluse<\/strong><\/td>\n<td width=\"15%\"><strong>Oui<\/strong><\/td>\n<\/tr>\n<tr>\n<td width=\"40%\"><strong>Tarifs<\/strong><\/td>\n<td width=\"15%\"><strong>4950 DH** <\/strong><strong>(1)<\/strong><\/td>\n<td width=\"15%\"><strong>5950 DH** <\/strong><strong>(2)<\/strong><\/td>\n<td width=\"15%\"><strong>7950 DH** <\/strong><strong>(3)<\/strong><\/td>\n<td width=\"15%\"><strong>Devis***<\/strong><\/td>\n<\/tr>\n<\/tbody>\n<\/table>\n<p>[\/vc_column_text][vc_empty_space height=&#8221;20px&#8221;][vc_column_text]*Service Inclus la premi\u00e8re ann\u00e9e.<\/p>\n<p>**Payable en deux fois, 50% acompte et 50% \u00e0 la livraison du projet.<\/p>\n<p>***Acompte de 30%, facilit\u00e9s de paiement en plusieurs fois sans majoration (cr\u00e9dit 0%)<\/p>\n<p>\u00e0 travers la Chambre de Commerce Ext\u00e9rieure.<\/p>\n<p><strong>(1)<\/strong> H\u00e9bergement inclus la premi\u00e8re ann\u00e9e, \u00e0 partir de la deuxi\u00e8me: 999 DHs\/mois et r\u00e9f\u00e9rencement au choix.<\/p>\n<p><strong>(2)<\/strong> H\u00e9bergement inclus la premi\u00e8re ann\u00e9e, \u00e0 partir de la deuxi\u00e8me: 1499 DHs\/mois et r\u00e9f\u00e9rencement au choix.<\/p>\n<p><strong>(3)<\/strong> H\u00e9bergement inclus la premi\u00e8re ann\u00e9e, \u00e0 partir de la deuxi\u00e8me: 1999 DHs\/mois et r\u00e9f\u00e9rencement au choix.<\/p>\n<p>Les tarifs\u00a0en vigueur sont donn\u00e9s \u00e0 titre indicatif et\u00a0peuvent \u00eatre modifi\u00e9s\u00a0sans pr\u00e9avis.[\/vc_column_text][\/vc_column][\/vc_row][vc_row row_type=&#8221;row&#8221; type=&#8221;full_width&#8221; in_content_menu=&#8221;&#8221; text_align=&#8221;left&#8221; css_animation=&#8221;&#8221;][vc_column][vc_empty_space height=&#8221;50px&#8221;][\/vc_column][\/vc_row]<\/p>\n<\/div>","protected":false},"excerpt":{"rendered":"<p>[vc_row row_type=&#8221;row&#8221; type=&#8221;full_width&#8221; in_content_menu=&#8221;&#8221; text_align=&#8221;left&#8221; css_animation=&#8221;&#8221;][vc_column][vc_column_text] OPTIONES PROPUESTAS Caracter\u00edsticas TPE Tr\u00e8s Petite Entreprise PE Petite Entreprise PME Petite Moyenne Entreprise GE Grande Entreprise Nom de domaine inclus*\u00a0 1 an 1 an 1 an 1 an Sous domaines 5 10 20 Au choix Nombres de pages&#8230;<\/p>\n","protected":false},"author":1,"featured_media":0,"parent":0,"menu_order":0,"comment_status":"closed","ping_status":"closed","template":"","meta":{"footnotes":""},"class_list":["post-22219","page","type-page","status-publish","hentry"],"aioseo_notices":[],"_links":{"self":[{"href":"https:\/\/www.chambrecommerce.org\/es\/wp-json\/wp\/v2\/pages\/22219","targetHints":{"allow":["GET"]}}],"collection":[{"href":"https:\/\/www.chambrecommerce.org\/es\/wp-json\/wp\/v2\/pages"}],"about":[{"href":"https:\/\/www.chambrecommerce.org\/es\/wp-json\/wp\/v2\/types\/page"}],"author":[{"embeddable":true,"href":"https:\/\/www.chambrecommerce.org\/es\/wp-json\/wp\/v2\/users\/1"}],"replies":[{"embeddable":true,"href":"https:\/\/www.chambrecommerce.org\/es\/wp-json\/wp\/v2\/comments?post=22219"}],"version-history":[{"count":17,"href":"https:\/\/www.chambrecommerce.org\/es\/wp-json\/wp\/v2\/pages\/22219\/revisions"}],"predecessor-version":[{"id":23245,"href":"https:\/\/www.chambrecommerce.org\/es\/wp-json\/wp\/v2\/pages\/22219\/revisions\/23245"}],"wp:attachment":[{"href":"https:\/\/www.chambrecommerce.org\/es\/wp-json\/wp\/v2\/media?parent=22219"}],"curies":[{"name":"wp","href":"https:\/\/api.w.org\/{rel}","templated":true}]}}