{"id":22250,"date":"2016-11-12T04:54:47","date_gmt":"2016-11-12T04:54:47","guid":{"rendered":"http:\/\/camaxa.org\/proyecto\/?page_id=22250"},"modified":"2017-05-08T10:12:54","modified_gmt":"2017-05-08T10:12:54","slug":"services-aux-entreprises-salon-casablanca-foire-maroc-3","status":"publish","type":"page","link":"https:\/\/www.chambrecommerce.org\/es\/services-aux-entreprises-salon-casablanca-foire-maroc-3\/","title":{"rendered":"SERVICIOS A EMPRESAS"},"content":{"rendered":"<div class=\"wpb-content-wrapper\"><p>[vc_row row_type=&#8221;row&#8221; type=&#8221;full_width&#8221; in_content_menu=&#8221;&#8221; text_align=&#8221;left&#8221; css_animation=&#8221;&#8221; el_id=&#8221;content-inner&#8221; el_class=&#8221;inner_New&#8221;][vc_column][vc_custom_heading text=&#8221;LO QUE PUEDE HACER POR USTED&#8221; font_container=&#8221;tag:h3|text_align:center&#8221; google_fonts=&#8221;font_family:Lato%3A100%2C100italic%2C300%2C300italic%2Cregular%2Citalic%2C700%2C700italic%2C900%2C900italic|font_style:400%20regular%3A400%3Anormal&#8221;][vc_empty_space height=&#8221;15px&#8221;][vc_column_text]<\/p>\n<ul>\n<li>La\u00a0C\u00e1mara de Comercio Exterior e Industria Europea &#8211; Am\u00e9rica &amp; Asia tiene m\u00e1s de 8 millones de empresas y profesionales en todo el mundo repartidos en todos los sectores de la econom\u00eda.<\/li>\n<li>Ofrece una gama completa de servicios desarrollados en torno a varios elementos :<strong>\u00a0<\/strong><\/li>\n<\/ul>\n<p>[\/vc_column_text][vc_empty_space height=&#8221;15px&#8221;][vc_column_text]<\/p>\n<h4><strong>COMERCIO EXTERIOR<\/strong><\/h4>\n<p>[\/vc_column_text][vc_column_text]<\/p>\n<ul>\n<li>Para cuestiones relativas a la importaci\u00f3n y exportaci\u00f3n, ayudan a las empresas a encontrar distribuidores \/ compradores internacionales, negociaci\u00f3n, mercado, asesor\u00eda, contrato comercial, etc.<\/li>\n<li>La informaci\u00f3n sobre la importaci\u00f3n y exportaci\u00f3n, la legislaci\u00f3n de comercio exterior, legislaci\u00f3n aduanera, etc.<\/li>\n<\/ul>\n<p>[\/vc_column_text][vc_empty_space height=&#8221;15px&#8221;][vc_column_text]<\/p>\n<h4><strong>FERIAS Y EVENTOS<\/strong><\/h4>\n<p>[\/vc_column_text][vc_column_text]<\/p>\n<ul>\n<li>Promoci\u00f3n, organizaci\u00f3n y co-organizaci\u00f3n de ferias nacionales e internacionales<\/li>\n<\/ul>\n<p>[\/vc_column_text][vc_empty_space height=&#8221;15px&#8221;][vc_column_text]<\/p>\n<h4><strong>EXPANSI\u00d3N INTERNACIONAL<\/strong><\/h4>\n<p>[\/vc_column_text][vc_column_text]<\/p>\n<ul>\n<li>Apoyo a las empresas en el extranjero (Europa, India, Marruecos, EE.UU.).<\/li>\n<li>Estudio de mercado, prospecci\u00f3n, gesti\u00f3n de alta de la sociedad, etc.<\/li>\n<li>Apoyo en los procedimientos administrativos (tarjeta de residencia, cuenta bancaria para empresas, notario, abogado, etc).<\/li>\n<li>Offsoring &amp; outsourcing<\/li>\n<li>B\u00fasqueda de socios comerciales (agentes, representantes, distribuidores, proveedores y subcontratistas.<\/li>\n<\/ul>\n<p>[\/vc_column_text][vc_empty_space height=&#8221;15px&#8221;][vc_column_text]<\/p>\n<h4><strong>CREATI\u00d3N DE SOCIEDAD<\/strong><\/h4>\n<p>[\/vc_column_text][vc_column_text]<\/p>\n<ul>\n<li>Constituci\u00f3n de sociedad<\/li>\n<li>Apertura de la Filial de Empresa<\/li>\n<li>Domiciliaci\u00f3n de la Empresa<\/li>\n<li>Contabilidad, Declaraciones fiscales, Rentas anuales, etc<\/li>\n<\/ul>\n<p>[\/vc_column_text][vc_empty_space height=&#8221;15px&#8221;][vc_column_text]<\/p>\n<h4><strong>DEPARTAMENTO JUR\u00cdDICO<\/strong><\/h4>\n<p>[\/vc_column_text][vc_column_text]<\/p>\n<ul>\n<li>Apoyo en los procedimientos administrativos (tarjeta de residencia, cuenta bancaria para empresas, notario, abogado, etc.).<\/li>\n<li>Asesoramiento Jur\u00eddico, acciones, aumento de capital, cambio de domicilio social.<\/li>\n<li>Recuperaci\u00f3n y disputas.<\/li>\n<\/ul>\n<p>[\/vc_column_text][vc_empty_space height=&#8221;15px&#8221;][vc_column_text]<\/p>\n<h4><strong>TECNOLOGIAS DE INTERNET<\/strong><\/h4>\n<p>[\/vc_column_text][vc_column_text]En colaborati\u00f3n con\u00a0<strong>INTEXOM<\/strong>, I<strong>nstituci\u00f3n Tecnol\u00f3gica del Comercio Electr\u00f3nico<\/strong>, la C\u00e1mara ofrece los siguientes servicios :<\/p>\n<ul>\n<li>Creaci\u00f3n, desarrollo y mantenimiento de sitios Web.<\/li>\n<li>Creaci\u00f3n, desarrollo y mantenimiento de aplicaciones m\u00f3viles.<\/li>\n<li>Creaci\u00f3n, desarrollo y mantenimiento de software de gesti\u00f3n.<\/li>\n<li>F\u00f3rmulas de Posicionamiento SEO para Optimizar su Sitio Web y subir puestos en los principales buscadores de Internet.<\/li>\n<\/ul>\n<p>[\/vc_column_text][vc_empty_space height=&#8221;15px&#8221;][vc_column_text]<\/p>\n<h4><strong>OTROS SERVICIOS<\/strong><\/h4>\n<ul>\n<li>Viaje de negocios<\/li>\n<li>Organizaci\u00f3n de Colaboradores Internacionales y Nacionales<\/li>\n<li>Informaci\u00f3n e inversi\u00f3n de las oportunidades de negocio<\/li>\n<li>Preparaci\u00f3n y organizaci\u00f3n de reuniones con socios potenciales o clientes<\/li>\n<li>Soluciones bancarias, apertura de cuenta bancaria, pr\u00e9stamo bancario.<\/li>\n<li>Otros servicios a la carta.<\/li>\n<\/ul>\n<p>[\/vc_column_text][\/vc_column][\/vc_row][vc_row row_type=&#8221;row&#8221; type=&#8221;full_width&#8221; in_content_menu=&#8221;&#8221; text_align=&#8221;left&#8221; css_animation=&#8221;&#8221;][vc_column][vc_empty_space height=&#8221;10px&#8221;][vc_column_text]<\/p>\n<p style=\"text-align: center;\">No dude en contactar con nosotros en <a href=\"mailto:info@camaraexterior.org\">info@camaraexterior.org<\/a><\/p>\n<p>[\/vc_column_text][vc_empty_space height=&#8221;60px&#8221;][\/vc_column][\/vc_row][vc_column el_class=&#8221;inner_New&#8221;][\/vc_column][vc_column_text][\/vc_column_text]<\/p>\n<\/div>","protected":false},"excerpt":{"rendered":"<p>[vc_row row_type=&#8221;row&#8221; type=&#8221;full_width&#8221; in_content_menu=&#8221;&#8221; text_align=&#8221;left&#8221; css_animation=&#8221;&#8221; el_id=&#8221;content-inner&#8221; el_class=&#8221;inner_New&#8221;][vc_column][vc_custom_heading text=&#8221;LO QUE PUEDE HACER POR USTED&#8221; font_container=&#8221;tag:h3|text_align:center&#8221; google_fonts=&#8221;font_family:Lato%3A100%2C100italic%2C300%2C300italic%2Cregular%2Citalic%2C700%2C700italic%2C900%2C900italic|font_style:400%20regular%3A400%3Anormal&#8221;][vc_empty_space height=&#8221;15px&#8221;][vc_column_text] La\u00a0C\u00e1mara de Comercio Exterior e Industria Europea &#8211; Am\u00e9rica &amp; Asia tiene m\u00e1s de 8 millones de empresas y profesionales en todo el mundo repartidos en todos los&#8230;<\/p>\n","protected":false},"author":1,"featured_media":0,"parent":0,"menu_order":0,"comment_status":"closed","ping_status":"closed","template":"","meta":{"footnotes":""},"class_list":["post-22250","page","type-page","status-publish","hentry"],"aioseo_notices":[],"_links":{"self":[{"href":"https:\/\/www.chambrecommerce.org\/es\/wp-json\/wp\/v2\/pages\/22250","targetHints":{"allow":["GET"]}}],"collection":[{"href":"https:\/\/www.chambrecommerce.org\/es\/wp-json\/wp\/v2\/pages"}],"about":[{"href":"https:\/\/www.chambrecommerce.org\/es\/wp-json\/wp\/v2\/types\/page"}],"author":[{"embeddable":true,"href":"https:\/\/www.chambrecommerce.org\/es\/wp-json\/wp\/v2\/users\/1"}],"replies":[{"embeddable":true,"href":"https:\/\/www.chambrecommerce.org\/es\/wp-json\/wp\/v2\/comments?post=22250"}],"version-history":[{"count":94,"href":"https:\/\/www.chambrecommerce.org\/es\/wp-json\/wp\/v2\/pages\/22250\/revisions"}],"predecessor-version":[{"id":23205,"href":"https:\/\/www.chambrecommerce.org\/es\/wp-json\/wp\/v2\/pages\/22250\/revisions\/23205"}],"wp:attachment":[{"href":"https:\/\/www.chambrecommerce.org\/es\/wp-json\/wp\/v2\/media?parent=22250"}],"curies":[{"name":"wp","href":"https:\/\/api.w.org\/{rel}","templated":true}]}}