{"id":22291,"date":"2016-11-14T12:31:15","date_gmt":"2016-11-14T12:31:15","guid":{"rendered":"https:\/\/www.chambrecommerce.org\/proyecto\/?page_id=22291"},"modified":"2019-11-28T15:27:42","modified_gmt":"2019-11-28T15:27:42","slug":"la-chambre-foire-casablanca-salon-maroc-exposition","status":"publish","type":"page","link":"https:\/\/www.chambrecommerce.org\/es\/la-chambre-foire-casablanca-salon-maroc-exposition\/","title":{"rendered":"QUIENES SOMOS"},"content":{"rendered":"<div class=\"wpb-content-wrapper\"><p>[vc_row row_type=&#8221;row&#8221; type=&#8221;full_width&#8221; in_content_menu=&#8221;&#8221; text_align=&#8221;left&#8221; css_animation=&#8221;&#8221;][vc_column][vc_custom_heading text=&#8221;&#8221; font_container=&#8221;tag:h1|text_align:left&#8221;][\/vc_column][\/vc_row][vc_row row_type=&#8221;row&#8221; type=&#8221;full_width&#8221; in_content_menu=&#8221;&#8221; text_align=&#8221;left&#8221; css_animation=&#8221;&#8221; el_id=&#8221;la-chambe&#8221;][vc_column el_class=&#8221;inner_New&#8221;][vc_column_text]<strong>La\u00a0C\u00e1mara de Comercio Exterior y Industria Europea &#8211; Am\u00e9rica &amp; Asia <\/strong> es una entidad estadounidense que tiene la misi\u00f3n de ayudar a todo tipo de empresas de todos los niveles a trav\u00e9s de las funciones y la realizaci\u00f3n de sus negocios en el territorio nacional e internacional.<\/p>\n<h4 style=\"text-align: left;\"><strong><br \/>\nNuestros objetivos :<\/strong><\/h4>\n<ul>\n<li>Promoci\u00f3n y desarrollo de las empresas p\u00fablicas y privadas a nivel internacional<\/li>\n<li>Desarrollar el n\u00famero de miembros de una fuerte representaci\u00f3n de la comunidad de negocios<\/li>\n<li>Para garantizar la adecuaci\u00f3n de la prestaci\u00f3n de servicios con las necesidades de los actuales y futuros miembros acordes a su realidad empresarial<\/li>\n<\/ul>\n<h4><strong><br \/>\nNuestra Ubicaci\u00f3n :<\/strong><\/h4>\n<p>Estamos presentes y activos en cuatro continentes; los Estados Unidos, Europa, India y Marruecos<\/p>\n<p><a href=\"https:\/\/www.chambrecommerce.org\/wp-content\/uploads\/2016\/11\/world-map-places.jpg\" rel=\"attachment wp-att-22372\"><img loading=\"lazy\" decoding=\"async\" class=\"aligncenter wp-image-22372 size-full\" src=\"https:\/\/www.chambrecommerce.org\/wp-content\/uploads\/2016\/11\/world-map-places.jpg\" alt=\"world-map-places\" width=\"868\" height=\"381\" srcset=\"https:\/\/www.chambrecommerce.org\/wp-content\/uploads\/2016\/11\/world-map-places.jpg 868w, https:\/\/www.chambrecommerce.org\/wp-content\/uploads\/2016\/11\/world-map-places-300x132.jpg 300w, https:\/\/www.chambrecommerce.org\/wp-content\/uploads\/2016\/11\/world-map-places-768x337.jpg 768w\" sizes=\"auto, (max-width: 868px) 100vw, 868px\" \/><\/a><\/p>\n<h4><strong>Palabra del PRESIDENTE<\/strong><\/h4>\n<p>&nbsp;<\/p>\n<p>Estimados miembros y socios,<\/p>\n<p>&nbsp;<\/p>\n<p>Es con gran placer darle la bienvenida a la C\u00e1mara de Comercio Exterior e Industria Europea &#8211; Am\u00e9rica y Asia.<\/p>\n<p>M\u00e1s que nunca, la C\u00e1mara est\u00e1 a la escucha a sus miembros. Es por eso que nos importa mucho su opini\u00f3n. Si tiene alg\u00fan comentario o sugerencia sobre nuestro sitio o nuestros servicios, por favor, h\u00e1ganoslo saber para que podamos optimizar nuestros servicios.<\/p>\n<p>Le recuerdo que la misi\u00f3n de la C\u00e1mara de Comercio Exterior es simple: reunir, informar y defender a sus miembros. La C\u00e1mara es un agente econ\u00f3mico importante y un lugar de reuni\u00f3n para <em>la comunidad de negocios<\/em>. Una vez m\u00e1s este a\u00f1o, estar\u00e1n muy presente sus miembros para defender, representar y por encima de todo, reunirse para sus necesidades comerciales y econ\u00f3micas. Con este fin, hemos decidido poner el \u00e9nfasis en el desarrollo nacional e internacional, con el fin de permitir que nuestros miembros puedan desarrollar nuevas oportunidades de negocio.<\/p>\n<p>Por \u00faltimo, como Presidente, estoy muy orgulloso de lo que la C\u00e1mara de Comercio Exterior ha sido capaz de lograr, y estoy seguro de que el pr\u00f3ximo a\u00f1o ser\u00e1 a\u00fan m\u00e1s pr\u00f3spera.<\/p>\n<p>Juntos vamos a trabajar muy duro para seguir siendo una c\u00e1mara din\u00e1mica e innovadora de Comercio.<\/p>\n<p>&nbsp;<\/p>\n<p>Esperamos verle pronto en uno de nuestros eventos.<\/p>\n<p>&nbsp;<\/p>\n<p><strong>R. PEREZ<\/strong>,\u00a0<em>Pr\u00e9sident\u00a0<\/em><\/p>\n<p>&nbsp;<\/p>\n<p><strong>\u00a0<\/strong>[\/vc_column_text][\/vc_column][\/vc_row][vc_row row_type=&#8221;row&#8221; type=&#8221;full_width&#8221; in_content_menu=&#8221;&#8221; text_align=&#8221;left&#8221; css_animation=&#8221;&#8221;][vc_column][vc_empty_space height=&#8221;60px&#8221;][\/vc_column][\/vc_row]<\/p>\n<\/div>","protected":false},"excerpt":{"rendered":"<p>[vc_row row_type=&#8221;row&#8221; type=&#8221;full_width&#8221; in_content_menu=&#8221;&#8221; text_align=&#8221;left&#8221; css_animation=&#8221;&#8221;][vc_column][vc_custom_heading text=&#8221;&#8221; font_container=&#8221;tag:h1|text_align:left&#8221;][\/vc_column][\/vc_row][vc_row row_type=&#8221;row&#8221; type=&#8221;full_width&#8221; in_content_menu=&#8221;&#8221; text_align=&#8221;left&#8221; css_animation=&#8221;&#8221; el_id=&#8221;la-chambe&#8221;][vc_column el_class=&#8221;inner_New&#8221;][vc_column_text]La\u00a0C\u00e1mara de Comercio Exterior y Industria Europea &#8211; Am\u00e9rica &amp; Asia es una entidad estadounidense que tiene la misi\u00f3n de ayudar a todo tipo de empresas de todos los niveles a&#8230;<\/p>\n","protected":false},"author":1,"featured_media":0,"parent":0,"menu_order":0,"comment_status":"closed","ping_status":"closed","template":"","meta":{"footnotes":""},"class_list":["post-22291","page","type-page","status-publish","hentry"],"aioseo_notices":[],"_links":{"self":[{"href":"https:\/\/www.chambrecommerce.org\/es\/wp-json\/wp\/v2\/pages\/22291","targetHints":{"allow":["GET"]}}],"collection":[{"href":"https:\/\/www.chambrecommerce.org\/es\/wp-json\/wp\/v2\/pages"}],"about":[{"href":"https:\/\/www.chambrecommerce.org\/es\/wp-json\/wp\/v2\/types\/page"}],"author":[{"embeddable":true,"href":"https:\/\/www.chambrecommerce.org\/es\/wp-json\/wp\/v2\/users\/1"}],"replies":[{"embeddable":true,"href":"https:\/\/www.chambrecommerce.org\/es\/wp-json\/wp\/v2\/comments?post=22291"}],"version-history":[{"count":69,"href":"https:\/\/www.chambrecommerce.org\/es\/wp-json\/wp\/v2\/pages\/22291\/revisions"}],"predecessor-version":[{"id":23525,"href":"https:\/\/www.chambrecommerce.org\/es\/wp-json\/wp\/v2\/pages\/22291\/revisions\/23525"}],"wp:attachment":[{"href":"https:\/\/www.chambrecommerce.org\/es\/wp-json\/wp\/v2\/media?parent=22291"}],"curies":[{"name":"wp","href":"https:\/\/api.w.org\/{rel}","templated":true}]}}