{"id":22305,"date":"2016-11-15T09:24:48","date_gmt":"2016-11-15T09:24:48","guid":{"rendered":"https:\/\/www.chambrecommerce.org\/proyecto\/?page_id=22305"},"modified":"2019-09-23T13:01:05","modified_gmt":"2019-09-23T13:01:05","slug":"membres-foire-casablanca-salon-maroc","status":"publish","type":"page","link":"https:\/\/www.chambrecommerce.org\/es\/membres-foire-casablanca-salon-maroc\/","title":{"rendered":"AFILIADOS"},"content":{"rendered":"<div class=\"wpb-content-wrapper\"><p>[vc_row row_type=&#8221;row&#8221; type=&#8221;full_width&#8221; in_content_menu=&#8221;&#8221; text_align=&#8221;left&#8221; css_animation=&#8221;&#8221;][vc_column][vc_custom_heading text=&#8221;&#8221;][vc_empty_space][\/vc_column][\/vc_row][vc_row row_type=&#8221;row&#8221; type=&#8221;full_width&#8221; in_content_menu=&#8221;&#8221; text_align=&#8221;left&#8221; css_animation=&#8221;&#8221;][vc_column width=&#8221;1\/3&#8243;][vc_column_text]<\/p>\n<div class=\"tarifs\">\n<h2>PYME<\/h2>\n<div class=\"arrows\"><\/div>\n<div class=\"tarif-con\"><\/div>\n<h3>1000\u00a0\u20ac<\/h3>\n<\/div>\n<p>[\/vc_column_text][\/vc_column][vc_column width=&#8221;1\/3&#8243;][vc_column_text]<\/p>\n<div class=\"tarifs\">\n<h2>EMPRESA<\/h2>\n<div class=\"arrows\"><\/div>\n<div class=\"tarif-con\"><\/div>\n<h3>2500 \u20ac<\/h3>\n<\/div>\n<p>[\/vc_column_text][\/vc_column][vc_column width=&#8221;1\/3&#8243;][vc_column_text]<\/p>\n<div class=\"tarifs\">\n<h2>CORPORATIVA<\/h2>\n<div class=\"arrows\"><\/div>\n<div class=\"tarif-con\"><\/div>\n<h3>5000 \u20ac<\/h3>\n<\/div>\n<p>[\/vc_column_text][\/vc_column][\/vc_row][vc_row row_type=&#8221;row&#8221; type=&#8221;full_width&#8221; in_content_menu=&#8221;&#8221; text_align=&#8221;left&#8221; css_animation=&#8221;&#8221;][vc_column][vc_empty_space height=&#8221;30px&#8221;][\/vc_column][\/vc_row][vc_row row_type=&#8221;row&#8221; type=&#8221;full_width&#8221; in_content_menu=&#8221;&#8221; text_align=&#8221;left&#8221; css_animation=&#8221;&#8221;][vc_column width=&#8221;1\/3&#8243;][vc_column_text]<\/p>\n<div class=\"tarifs\">\n<h2>CORPORATIVA+<\/h2>\n<div class=\"arrows\"><\/div>\n<div class=\"tarif-con\"><\/div>\n<h3>10000\u00a0\u20ac<\/h3>\n<\/div>\n<p>[\/vc_column_text][\/vc_column][vc_column width=&#8221;1\/3&#8243;][vc_column_text]<\/p>\n<div class=\"tarifs\">\n<h2>B2G<\/h2>\n<div class=\"arrows\"><\/div>\n<div class=\"tarif-con\"><\/div>\n<h3>50000\u00a0\u20ac<\/h3>\n<\/div>\n<p>[\/vc_column_text][\/vc_column][vc_column width=&#8221;1\/3&#8243;][vc_column_text]<\/p>\n<div class=\"tarifs\">\n<h2>GOBIERNO<\/h2>\n<div class=\"arrows\"><\/div>\n<div class=\"tarif-con\"><\/div>\n<h3>100 000\u00a0\u20ac<\/h3>\n<\/div>\n<p>[\/vc_column_text][\/vc_column][\/vc_row][vc_row row_type=&#8221;row&#8221; type=&#8221;full_width&#8221; in_content_menu=&#8221;&#8221; text_align=&#8221;left&#8221; css_animation=&#8221;&#8221;][vc_column][vc_empty_space height=&#8221;30px&#8221;][\/vc_column][\/vc_row][vc_row row_type=&#8221;row&#8221; type=&#8221;full_width&#8221; in_content_menu=&#8221;&#8221; text_align=&#8221;left&#8221; css_animation=&#8221;&#8221; el_id=&#8221;la-chambe&#8221;][vc_column el_class=&#8221;inner_New&#8221;][vc_column_text]<\/p>\n<h4><strong>1) Beneficios de la afiliaci\u00f3n<\/strong><\/h4>\n<hr \/>\n<h4><\/h4>\n<ul>\n<li>Para introducir sus productos y servicios a una amplia red de personas de negocios<\/li>\n<li>Asistir a talleres y conferencias que se adaptan a sus necesidades<\/li>\n<li>Estar representados por una organizaci\u00f3n que toma una posici\u00f3n para defender sus intereses<\/li>\n<li>Se benefician de un servicio personalizado y soporte en todo el mundo<\/li>\n<li>Proporcionamos soluciones eficientes y fiables independientemente de su industria y cualquiera que sea el tama\u00f1o de su negocio<\/li>\n<li>Proporcionamos soluciones eficientes y fiables independientemente de su industria y cualquiera que sea el tama\u00f1o de su negocio<\/li>\n<\/ul>\n<p>&nbsp;<\/p>\n<h4><strong>2)\u00a0<\/strong><strong>\u00bfQui\u00e9n puede ser miembro ?<\/strong><\/h4>\n<hr \/>\n<h4><\/h4>\n<p>Cualquier persona f\u00edsica o jur\u00eddica que trabajan en todos los sectores y contribuye al desarrollo econ\u00f3mico.<\/p>\n<p>&nbsp;<\/p>\n<h4><strong>3) \u00bfC\u00f3mo aplicar ?<\/strong><\/h4>\n<hr \/>\n<h4><\/h4>\n<p>El proceso de registro es sencillo y r\u00e1pido:<\/p>\n<ul>\n<li>Rellene el formulario de inscripci\u00f3n, <span style=\"text-decoration: underline;\">haga clic aqu\u00ed<\/span> para descargar.<\/li>\n<li>La solicitud ser\u00e1 considerada por el Consejo de la C\u00e1mara y se enviar\u00e1 la confirmaci\u00f3n de la pertenencia.<\/li>\n<li>Su empresa puede empezar a disfrutar de los servicios de la casa inmediatamente despu\u00e9s del pago de la membres\u00eda anual.<\/li>\n<li>Los miembros que necesiten un servicio extra pueden utilizar un servicio de b\u00fasqueda personalizada y pagar extra para la C\u00e1mara de Comercio.<\/li>\n<\/ul>\n<hr \/>\n<p>Para cualquier informaci\u00f3n adicional, rogamos enviarnos un correo electr\u00f3nico a <a href=\"mailto:info@camaraexterior.org\">info@camaraexterior.org<\/a>[\/vc_column_text][\/vc_column][\/vc_row][vc_row row_type=&#8221;row&#8221; type=&#8221;full_width&#8221; in_content_menu=&#8221;&#8221; text_align=&#8221;left&#8221; css_animation=&#8221;&#8221;][vc_column][vc_empty_space height=&#8221;60px&#8221;][\/vc_column][\/vc_row]<\/p>\n<\/div>","protected":false},"excerpt":{"rendered":"<p>[vc_row row_type=&#8221;row&#8221; type=&#8221;full_width&#8221; in_content_menu=&#8221;&#8221; text_align=&#8221;left&#8221; css_animation=&#8221;&#8221;][vc_column][vc_custom_heading text=&#8221;&#8221;][vc_empty_space][\/vc_column][\/vc_row][vc_row row_type=&#8221;row&#8221; type=&#8221;full_width&#8221; in_content_menu=&#8221;&#8221; text_align=&#8221;left&#8221; css_animation=&#8221;&#8221;][vc_column width=&#8221;1\/3&#8243;][vc_column_text] PYME 1000\u00a0\u20ac [\/vc_column_text][\/vc_column][vc_column width=&#8221;1\/3&#8243;][vc_column_text] EMPRESA 2500 \u20ac [\/vc_column_text][\/vc_column][vc_column width=&#8221;1\/3&#8243;][vc_column_text] CORPORATIVA 5000 \u20ac [\/vc_column_text][\/vc_column][\/vc_row][vc_row row_type=&#8221;row&#8221; type=&#8221;full_width&#8221; in_content_menu=&#8221;&#8221; text_align=&#8221;left&#8221; css_animation=&#8221;&#8221;][vc_column][vc_empty_space height=&#8221;30px&#8221;][\/vc_column][\/vc_row][vc_row row_type=&#8221;row&#8221; type=&#8221;full_width&#8221; in_content_menu=&#8221;&#8221; text_align=&#8221;left&#8221; css_animation=&#8221;&#8221;][vc_column width=&#8221;1\/3&#8243;][vc_column_text] CORPORATIVA+ 10000\u00a0\u20ac [\/vc_column_text][\/vc_column][vc_column width=&#8221;1\/3&#8243;][vc_column_text] B2G 50000\u00a0\u20ac [\/vc_column_text][\/vc_column][vc_column&#8230;<\/p>\n","protected":false},"author":1,"featured_media":0,"parent":0,"menu_order":0,"comment_status":"closed","ping_status":"closed","template":"","meta":{"footnotes":""},"class_list":["post-22305","page","type-page","status-publish","hentry"],"aioseo_notices":[],"_links":{"self":[{"href":"https:\/\/www.chambrecommerce.org\/es\/wp-json\/wp\/v2\/pages\/22305","targetHints":{"allow":["GET"]}}],"collection":[{"href":"https:\/\/www.chambrecommerce.org\/es\/wp-json\/wp\/v2\/pages"}],"about":[{"href":"https:\/\/www.chambrecommerce.org\/es\/wp-json\/wp\/v2\/types\/page"}],"author":[{"embeddable":true,"href":"https:\/\/www.chambrecommerce.org\/es\/wp-json\/wp\/v2\/users\/1"}],"replies":[{"embeddable":true,"href":"https:\/\/www.chambrecommerce.org\/es\/wp-json\/wp\/v2\/comments?post=22305"}],"version-history":[{"count":46,"href":"https:\/\/www.chambrecommerce.org\/es\/wp-json\/wp\/v2\/pages\/22305\/revisions"}],"predecessor-version":[{"id":23521,"href":"https:\/\/www.chambrecommerce.org\/es\/wp-json\/wp\/v2\/pages\/22305\/revisions\/23521"}],"wp:attachment":[{"href":"https:\/\/www.chambrecommerce.org\/es\/wp-json\/wp\/v2\/media?parent=22305"}],"curies":[{"name":"wp","href":"https:\/\/api.w.org\/{rel}","templated":true}]}}