{"id":22313,"date":"2016-11-15T09:59:00","date_gmt":"2016-11-15T09:59:00","guid":{"rendered":"https:\/\/www.chambrecommerce.org\/proyecto\/?page_id=22313"},"modified":"2017-01-12T10:28:08","modified_gmt":"2017-01-12T10:28:08","slug":"seo-foire-exposition-salon-casablanca-maroc","status":"publish","type":"page","link":"https:\/\/www.chambrecommerce.org\/es\/seo-foire-exposition-salon-casablanca-maroc\/","title":{"rendered":"SEO"},"content":{"rendered":"<p class=\"qtranxs-available-languages-message qtranxs-available-languages-message-es\">Disculpa, pero esta entrada est\u00e1 disponible s\u00f3lo en <a href=\"https:\/\/www.chambrecommerce.org\/fr\/wp-json\/wp\/v2\/pages\/22313\" class=\"qtranxs-available-language-link qtranxs-available-language-link-fr\" title=\"Fran\u00e7ais\">Fran\u00e7ais<\/a>.<\/p>","protected":false},"excerpt":{"rendered":"<p>Disculpa, pero esta entrada est\u00e1 disponible s\u00f3lo en Fran\u00e7ais.<\/p>\n","protected":false},"author":1,"featured_media":0,"parent":0,"menu_order":0,"comment_status":"closed","ping_status":"closed","template":"","meta":{"footnotes":""},"class_list":["post-22313","page","type-page","status-publish","hentry"],"aioseo_notices":[],"_links":{"self":[{"href":"https:\/\/www.chambrecommerce.org\/es\/wp-json\/wp\/v2\/pages\/22313","targetHints":{"allow":["GET"]}}],"collection":[{"href":"https:\/\/www.chambrecommerce.org\/es\/wp-json\/wp\/v2\/pages"}],"about":[{"href":"https:\/\/www.chambrecommerce.org\/es\/wp-json\/wp\/v2\/types\/page"}],"author":[{"embeddable":true,"href":"https:\/\/www.chambrecommerce.org\/es\/wp-json\/wp\/v2\/users\/1"}],"replies":[{"embeddable":true,"href":"https:\/\/www.chambrecommerce.org\/es\/wp-json\/wp\/v2\/comments?post=22313"}],"version-history":[{"count":13,"href":"https:\/\/www.chambrecommerce.org\/es\/wp-json\/wp\/v2\/pages\/22313\/revisions"}],"predecessor-version":[{"id":23247,"href":"https:\/\/www.chambrecommerce.org\/es\/wp-json\/wp\/v2\/pages\/22313\/revisions\/23247"}],"wp:attachment":[{"href":"https:\/\/www.chambrecommerce.org\/es\/wp-json\/wp\/v2\/media?parent=22313"}],"curies":[{"name":"wp","href":"https:\/\/api.w.org\/{rel}","templated":true}]}}