{"id":22325,"date":"2016-11-15T10:25:28","date_gmt":"2016-11-15T10:25:28","guid":{"rendered":"https:\/\/www.chambrecommerce.org\/proyecto\/?page_id=22325"},"modified":"2016-12-14T04:29:35","modified_gmt":"2016-12-14T04:29:35","slug":"nouvelles-technologies-salon-maroc-salon-casablanca","status":"publish","type":"page","link":"https:\/\/www.chambrecommerce.org\/es\/nouvelles-technologies-salon-maroc-salon-casablanca\/","title":{"rendered":"Nouvelles technologies"},"content":{"rendered":"<div class=\"wpb-content-wrapper\"><p>[vc_row row_type=&#8221;row&#8221; type=&#8221;full_width&#8221; in_content_menu=&#8221;&#8221; text_align=&#8221;left&#8221; css_animation=&#8221;&#8221; el_id=&#8221;seo-top&#8221;][vc_column][vc_column_text]<strong>Cr\u00e9ation Application Mobile<\/strong>\u00a0: Nous vous proposons des applications professionnelles, personnalis\u00e9es et de haute qualit\u00e9 pour tous types d\u2019entreprise et tous type d\u2019activit\u00e9. Nous vous proposons de multiples fonctionnalit\u00e9s qui permettent de donner une plus grande interactivit\u00e9 \u00e0 votre application. Choisissez parmi nos fonctions celle qui convient le mieux \u00e0 votre activit\u00e9 : affichez la g\u00e9olocalisation de votre \u00e9tablissement, vendez des produits en ligne, offrez des coupons de r\u00e9ductions, diffusez vos derni\u00e8res vid\u00e9os, morceaux de musique\u2026[\/vc_column_text][\/vc_column][\/vc_row][vc_row row_type=&#8221;row&#8221; type=&#8221;full_width&#8221; in_content_menu=&#8221;&#8221; text_align=&#8221;left&#8221; css_animation=&#8221;&#8221;][vc_column][vc_empty_space height=&#8221;60px&#8221;][\/vc_column][\/vc_row]<\/p>\n<\/div>","protected":false},"excerpt":{"rendered":"<p>[vc_row row_type=&#8221;row&#8221; type=&#8221;full_width&#8221; in_content_menu=&#8221;&#8221; text_align=&#8221;left&#8221; css_animation=&#8221;&#8221; el_id=&#8221;seo-top&#8221;][vc_column][vc_column_text]Cr\u00e9ation Application Mobile\u00a0: Nous vous proposons des applications professionnelles, personnalis\u00e9es et de haute qualit\u00e9 pour tous types d\u2019entreprise et tous type d\u2019activit\u00e9. Nous vous proposons de multiples fonctionnalit\u00e9s qui permettent de donner une plus grande interactivit\u00e9 \u00e0 votre application&#8230;.<\/p>\n","protected":false},"author":1,"featured_media":0,"parent":0,"menu_order":0,"comment_status":"closed","ping_status":"closed","template":"","meta":{"footnotes":""},"class_list":["post-22325","page","type-page","status-publish","hentry"],"aioseo_notices":[],"_links":{"self":[{"href":"https:\/\/www.chambrecommerce.org\/es\/wp-json\/wp\/v2\/pages\/22325","targetHints":{"allow":["GET"]}}],"collection":[{"href":"https:\/\/www.chambrecommerce.org\/es\/wp-json\/wp\/v2\/pages"}],"about":[{"href":"https:\/\/www.chambrecommerce.org\/es\/wp-json\/wp\/v2\/types\/page"}],"author":[{"embeddable":true,"href":"https:\/\/www.chambrecommerce.org\/es\/wp-json\/wp\/v2\/users\/1"}],"replies":[{"embeddable":true,"href":"https:\/\/www.chambrecommerce.org\/es\/wp-json\/wp\/v2\/comments?post=22325"}],"version-history":[{"count":3,"href":"https:\/\/www.chambrecommerce.org\/es\/wp-json\/wp\/v2\/pages\/22325\/revisions"}],"predecessor-version":[{"id":22328,"href":"https:\/\/www.chambrecommerce.org\/es\/wp-json\/wp\/v2\/pages\/22325\/revisions\/22328"}],"wp:attachment":[{"href":"https:\/\/www.chambrecommerce.org\/es\/wp-json\/wp\/v2\/media?parent=22325"}],"curies":[{"name":"wp","href":"https:\/\/api.w.org\/{rel}","templated":true}]}}