{"id":22329,"date":"2016-11-15T10:28:22","date_gmt":"2016-11-15T10:28:22","guid":{"rendered":"https:\/\/www.chambrecommerce.org\/proyecto\/?page_id=22329"},"modified":"2017-05-10T04:00:27","modified_gmt":"2017-05-10T04:00:27","slug":"formules-de-referencement-salon-maroc","status":"publish","type":"page","link":"https:\/\/www.chambrecommerce.org\/es\/formules-de-referencement-salon-maroc\/","title":{"rendered":"Formules de r\u00e9f\u00e9rencement"},"content":{"rendered":"<p class=\"qtranxs-available-languages-message qtranxs-available-languages-message-es\">Disculpa, pero esta entrada est\u00e1 disponible s\u00f3lo en <a href=\"https:\/\/www.chambrecommerce.org\/fr\/wp-json\/wp\/v2\/pages\/22329\" class=\"qtranxs-available-language-link qtranxs-available-language-link-fr\" title=\"Fran\u00e7ais\">Fran\u00e7ais<\/a>.<\/p>","protected":false},"excerpt":{"rendered":"<p>Disculpa, pero esta entrada est\u00e1 disponible s\u00f3lo en Fran\u00e7ais.<\/p>\n","protected":false},"author":1,"featured_media":0,"parent":0,"menu_order":0,"comment_status":"closed","ping_status":"closed","template":"","meta":{"footnotes":""},"class_list":["post-22329","page","type-page","status-publish","hentry"],"aioseo_notices":[],"_links":{"self":[{"href":"https:\/\/www.chambrecommerce.org\/es\/wp-json\/wp\/v2\/pages\/22329","targetHints":{"allow":["GET"]}}],"collection":[{"href":"https:\/\/www.chambrecommerce.org\/es\/wp-json\/wp\/v2\/pages"}],"about":[{"href":"https:\/\/www.chambrecommerce.org\/es\/wp-json\/wp\/v2\/types\/page"}],"author":[{"embeddable":true,"href":"https:\/\/www.chambrecommerce.org\/es\/wp-json\/wp\/v2\/users\/1"}],"replies":[{"embeddable":true,"href":"https:\/\/www.chambrecommerce.org\/es\/wp-json\/wp\/v2\/comments?post=22329"}],"version-history":[{"count":2,"href":"https:\/\/www.chambrecommerce.org\/es\/wp-json\/wp\/v2\/pages\/22329\/revisions"}],"predecessor-version":[{"id":22611,"href":"https:\/\/www.chambrecommerce.org\/es\/wp-json\/wp\/v2\/pages\/22329\/revisions\/22611"}],"wp:attachment":[{"href":"https:\/\/www.chambrecommerce.org\/es\/wp-json\/wp\/v2\/media?parent=22329"}],"curies":[{"name":"wp","href":"https:\/\/api.w.org\/{rel}","templated":true}]}}