{"id":22398,"date":"2016-11-18T09:02:16","date_gmt":"2016-11-18T09:02:16","guid":{"rendered":"https:\/\/www.chambrecommerce.org\/?page_id=22398"},"modified":"2017-07-27T15:27:41","modified_gmt":"2017-07-27T15:27:41","slug":"services-technologiques-exposition-casablancasalon-maroc","status":"publish","type":"page","link":"https:\/\/www.chambrecommerce.org\/es\/services-technologiques-exposition-casablancasalon-maroc\/","title":{"rendered":"TECNOLOGIAS DE INTERNET"},"content":{"rendered":"<div class=\"wpb-content-wrapper\"><p>[vc_row row_type=&#8221;row&#8221; type=&#8221;full_width&#8221; in_content_menu=&#8221;&#8221; text_align=&#8221;left&#8221; css_animation=&#8221;&#8221;][vc_column][vc_empty_space][\/vc_column][\/vc_row][vc_row row_type=&#8221;row&#8221; type=&#8221;full_width&#8221; in_content_menu=&#8221;&#8221; text_align=&#8221;left&#8221; css_animation=&#8221;&#8221;][vc_column][vc_column_text]En colaborati\u00f3n con\u00a0<strong>INTEXOM<\/strong>, I<strong>nstituci\u00f3n Tecnol\u00f3gica del Comercio Electr\u00f3nico<\/strong>, la C\u00e1mara ofrece los siguientes servicios\u00a0:<\/p>\n<div class=\"wrapper_Inner\">\n<ul>\n<li>Creaci\u00f3n, desarrollo y mantenimiento de sitios Web.<\/li>\n<li>Creaci\u00f3n, desarrollo y mantenimiento de aplicaciones m\u00f3viles.<\/li>\n<li>Creaci\u00f3n, desarrollo y mantenimiento de software de gesti\u00f3n.<\/li>\n<li>F\u00f3rmulas de Posicionamiento SEO para Optimizar su Sitio Web y subir puestos en los principales buscadores de Internet.<\/li>\n<\/ul>\n<p>[\/vc_column_text][\/vc_column][\/vc_row][vc_row row_type=&#8221;row&#8221; type=&#8221;full_width&#8221; in_content_menu=&#8221;&#8221; text_align=&#8221;left&#8221; css_animation=&#8221;&#8221;][vc_column][vc_empty_space height=&#8221;15px&#8221;][\/vc_column][\/vc_row][vc_row row_type=&#8221;row&#8221; type=&#8221;full_width&#8221; in_content_menu=&#8221;&#8221; text_align=&#8221;left&#8221; css_animation=&#8221;&#8221; el_id=&#8221;services&#8221;][vc_column width=&#8221;1\/4&#8243;]<div class=\"q_image_with_text_over \"><div class=\"shader\"><\/div><img decoding=\"async\" src=\"https:\/\/www.chambrecommerce.org\/wp-content\/uploads\/2016\/11\/0001.jpg\" alt=\"Creaci\u00f3n sitio Web\" \/><div class=\"text\"><span class=\"front_holder\"><span class=\"front_inner\"><h4 class=\"caption no_icon\" style=\"\">Creaci\u00f3n sitio Web<\/h4><span class=\"q_image_with_text_separator\" style=\"\"><\/span><\/span><\/span><span class=\"back_holder\"><span class=\"back_inner\"><div class=\"desc\"><\/div><\/span><\/span><\/div><\/div>[\/vc_column][vc_column width=&#8221;1\/4&#8243;]<div class=\"q_image_with_text_over \"><div class=\"shader\"><\/div><img decoding=\"async\" src=\"https:\/\/www.chambrecommerce.org\/wp-content\/uploads\/2016\/11\/0002.jpg\" alt=\"Posicionamiento Web\" \/><div class=\"text\"><span class=\"front_holder\"><span class=\"front_inner\"><h4 class=\"caption no_icon\" style=\"\">Posicionamiento Web<\/h4><span class=\"q_image_with_text_separator\" style=\"\"><\/span><\/span><\/span><span class=\"back_holder\"><span class=\"back_inner\"><div class=\"desc\"><\/div><\/span><\/span><\/div><\/div>[\/vc_column][vc_column width=&#8221;1\/4&#8243;]<div class=\"q_image_with_text_over \"><div class=\"shader\"><\/div><img decoding=\"async\" src=\"https:\/\/www.chambrecommerce.org\/wp-content\/uploads\/2016\/11\/0003.jpg\" alt=\"Creaci\u00f3n de aplicacione m\u00f3vile\" \/><div class=\"text\"><span class=\"front_holder\"><span class=\"front_inner\"><h4 class=\"caption no_icon\" style=\"\">Creaci\u00f3n de aplicacione m\u00f3vile<\/h4><span class=\"q_image_with_text_separator\" style=\"\"><\/span><\/span><\/span><span class=\"back_holder\"><span class=\"back_inner\"><div class=\"desc\"><\/div><\/span><\/span><\/div><\/div>[\/vc_column][vc_column width=&#8221;1\/4&#8243;]<div class=\"q_image_with_text_over \"><div class=\"shader\"><\/div><img decoding=\"async\" src=\"https:\/\/www.chambrecommerce.org\/wp-content\/uploads\/2016\/11\/0004.jpg\" alt=\"Creaci\u00f3n de Software de gesti\u00f3n\" \/><div class=\"text\"><span class=\"front_holder\"><span class=\"front_inner\"><h4 class=\"caption no_icon\" style=\"\">Creaci\u00f3n de Software de gesti\u00f3n<\/h4><span class=\"q_image_with_text_separator\" style=\"\"><\/span><\/span><\/span><span class=\"back_holder\"><span class=\"back_inner\"><div class=\"desc\"><\/div><\/span><\/span><\/div><\/div>[\/vc_column][\/vc_row][vc_row row_type=&#8221;row&#8221; type=&#8221;full_width&#8221; in_content_menu=&#8221;&#8221; text_align=&#8221;left&#8221; css_animation=&#8221;&#8221;][vc_column][vc_empty_space height=&#8221;20px&#8221;][\/vc_column][\/vc_row][vc_row row_type=&#8221;row&#8221; type=&#8221;full_width&#8221; in_content_menu=&#8221;&#8221; text_align=&#8221;left&#8221; css_animation=&#8221;&#8221;][vc_column][vc_column_text]<\/p>\n<\/div>\n<p>[\/vc_column_text][\/vc_column][\/vc_row][vc_row row_type=&#8221;row&#8221; type=&#8221;full_width&#8221; in_content_menu=&#8221;&#8221; text_align=&#8221;left&#8221; css_animation=&#8221;&#8221;][vc_column][vc_empty_space height=&#8221;50px&#8221;][\/vc_column][\/vc_row]<\/p>\n<\/div>","protected":false},"excerpt":{"rendered":"<p>[vc_row row_type=&#8221;row&#8221; type=&#8221;full_width&#8221; in_content_menu=&#8221;&#8221; text_align=&#8221;left&#8221; css_animation=&#8221;&#8221;][vc_column][vc_empty_space][\/vc_column][\/vc_row][vc_row row_type=&#8221;row&#8221; type=&#8221;full_width&#8221; in_content_menu=&#8221;&#8221; text_align=&#8221;left&#8221; css_animation=&#8221;&#8221;][vc_column][vc_column_text]En colaborati\u00f3n con\u00a0INTEXOM, Instituci\u00f3n Tecnol\u00f3gica del Comercio Electr\u00f3nico, la C\u00e1mara ofrece los siguientes servicios\u00a0: Creaci\u00f3n, desarrollo y mantenimiento de sitios Web. Creaci\u00f3n, desarrollo y mantenimiento de aplicaciones m\u00f3viles. Creaci\u00f3n, desarrollo y mantenimiento de software de&#8230;<\/p>\n","protected":false},"author":1,"featured_media":0,"parent":0,"menu_order":0,"comment_status":"closed","ping_status":"closed","template":"","meta":{"footnotes":""},"class_list":["post-22398","page","type-page","status-publish","hentry"],"aioseo_notices":[],"_links":{"self":[{"href":"https:\/\/www.chambrecommerce.org\/es\/wp-json\/wp\/v2\/pages\/22398","targetHints":{"allow":["GET"]}}],"collection":[{"href":"https:\/\/www.chambrecommerce.org\/es\/wp-json\/wp\/v2\/pages"}],"about":[{"href":"https:\/\/www.chambrecommerce.org\/es\/wp-json\/wp\/v2\/types\/page"}],"author":[{"embeddable":true,"href":"https:\/\/www.chambrecommerce.org\/es\/wp-json\/wp\/v2\/users\/1"}],"replies":[{"embeddable":true,"href":"https:\/\/www.chambrecommerce.org\/es\/wp-json\/wp\/v2\/comments?post=22398"}],"version-history":[{"count":23,"href":"https:\/\/www.chambrecommerce.org\/es\/wp-json\/wp\/v2\/pages\/22398\/revisions"}],"predecessor-version":[{"id":23164,"href":"https:\/\/www.chambrecommerce.org\/es\/wp-json\/wp\/v2\/pages\/22398\/revisions\/23164"}],"wp:attachment":[{"href":"https:\/\/www.chambrecommerce.org\/es\/wp-json\/wp\/v2\/media?parent=22398"}],"curies":[{"name":"wp","href":"https:\/\/api.w.org\/{rel}","templated":true}]}}